{"id":1327,"date":"2025-03-17T16:54:11","date_gmt":"2025-03-17T16:54:11","guid":{"rendered":"https:\/\/numana.tech\/devenir-partenaire\/"},"modified":"2025-04-07T15:11:27","modified_gmt":"2025-04-07T15:11:27","slug":"become-a-partner","status":"publish","type":"page","link":"https:\/\/numana.tech\/en\/become-a-partner\/","title":{"rendered":"Become a partner"},"content":{"rendered":"<p>&nbsp;<\/p>\n<div id=\"awebChromeHelper\" data-version=\"1.24.3\"><\/div>\n","protected":false},"excerpt":{"rendered":"<p>&nbsp;<\/p>\n","protected":false},"author":1,"featured_media":0,"parent":0,"menu_order":7,"comment_status":"closed","ping_status":"closed","template":"templates\/tpl-contact.php","meta":{"_acf_changed":false,"content-type":"","_themeisle_gutenberg_block_has_review":false,"footnotes":""},"class_list":["post-1327","page","type-page","status-publish","hentry"],"acf":[],"yoast_head":"<!-- This site is optimized with the Yoast SEO plugin v26.9 - https:\/\/yoast.com\/product\/yoast-seo-wordpress\/ -->\n<title>Become a partner | Numana<\/title>\n<meta name=\"robots\" content=\"index, follow, max-snippet:-1, max-image-preview:large, max-video-preview:-1\" \/>\n<link rel=\"canonical\" href=\"https:\/\/numana.tech\/devenir-partenaire\/\" \/>\n<meta property=\"og:locale\" content=\"en_US\" \/>\n<meta property=\"og:type\" content=\"article\" \/>\n<meta property=\"og:title\" content=\"Become a partner | Numana\" \/>\n<meta property=\"og:description\" content=\"&nbsp;\" \/>\n<meta property=\"og:url\" content=\"https:\/\/numana.tech\/devenir-partenaire\/\" \/>\n<meta property=\"og:site_name\" content=\"Numana\" \/>\n<meta property=\"article:publisher\" content=\"https:\/\/www.facebook.com\/Numanatech\" \/>\n<meta property=\"article:modified_time\" content=\"2025-04-07T15:11:27+00:00\" \/>\n<meta property=\"og:image\" content=\"https:\/\/numana.tech\/wp-content\/uploads\/2025\/03\/Hero_HomeImg-scaled.jpeg\" \/>\n\t<meta property=\"og:image:width\" content=\"2560\" \/>\n\t<meta property=\"og:image:height\" content=\"1435\" \/>\n\t<meta property=\"og:image:type\" content=\"image\/jpeg\" \/>\n<meta name=\"twitter:card\" content=\"summary_large_image\" \/>\n<meta name=\"twitter:site\" content=\"@Numanatech\" \/>\n<script type=\"application\/ld+json\" class=\"yoast-schema-graph\">{\"@context\":\"https:\/\/schema.org\",\"@graph\":[{\"@type\":\"WebPage\",\"@id\":\"https:\/\/numana.tech\/devenir-partenaire\/\",\"url\":\"https:\/\/numana.tech\/devenir-partenaire\/\",\"name\":\"Become a partner | Numana\",\"isPartOf\":{\"@id\":\"https:\/\/numana.tech\/#website\"},\"datePublished\":\"2025-03-17T16:54:11+00:00\",\"dateModified\":\"2025-04-07T15:11:27+00:00\",\"breadcrumb\":{\"@id\":\"https:\/\/numana.tech\/devenir-partenaire\/#breadcrumb\"},\"inLanguage\":\"en-US\",\"potentialAction\":[{\"@type\":\"ReadAction\",\"target\":[\"https:\/\/numana.tech\/devenir-partenaire\/\"]}]},{\"@type\":\"BreadcrumbList\",\"@id\":\"https:\/\/numana.tech\/devenir-partenaire\/#breadcrumb\",\"itemListElement\":[{\"@type\":\"ListItem\",\"position\":1,\"name\":\"Accueil\",\"item\":\"https:\/\/numana.tech\/en\/\"},{\"@type\":\"ListItem\",\"position\":2,\"name\":\"Become a partner\"}]},{\"@type\":\"WebSite\",\"@id\":\"https:\/\/numana.tech\/#website\",\"url\":\"https:\/\/numana.tech\/\",\"name\":\"Numana\",\"description\":\"Macro-acc\u00e9l\u00e9rateur d&#039;\u00e9cosyst\u00e8mes technologiques\",\"publisher\":{\"@id\":\"https:\/\/numana.tech\/#organization\"},\"potentialAction\":[{\"@type\":\"SearchAction\",\"target\":{\"@type\":\"EntryPoint\",\"urlTemplate\":\"https:\/\/numana.tech\/?s={search_term_string}\"},\"query-input\":{\"@type\":\"PropertyValueSpecification\",\"valueRequired\":true,\"valueName\":\"search_term_string\"}}],\"inLanguage\":\"en-US\"},{\"@type\":\"Organization\",\"@id\":\"https:\/\/numana.tech\/#organization\",\"name\":\"Numana\",\"url\":\"https:\/\/numana.tech\/\",\"logo\":{\"@type\":\"ImageObject\",\"inLanguage\":\"en-US\",\"@id\":\"https:\/\/numana.tech\/#\/schema\/logo\/image\/\",\"url\":\"https:\/\/numana.tech\/wp-content\/uploads\/2025\/02\/site-logo.svg\",\"contentUrl\":\"https:\/\/numana.tech\/wp-content\/uploads\/2025\/02\/site-logo.svg\",\"width\":1,\"height\":1,\"caption\":\"Numana\"},\"image\":{\"@id\":\"https:\/\/numana.tech\/#\/schema\/logo\/image\/\"},\"sameAs\":[\"https:\/\/www.facebook.com\/Numanatech\",\"https:\/\/x.com\/Numanatech\",\"https:\/\/www.linkedin.com\/company\/16166472\",\"https:\/\/www.youtube.com\/channel\/UCLyHvcowHPuO50SUx0jfDpA\"]}]}<\/script>\n<!-- \/ Yoast SEO plugin. -->","yoast_head_json":{"title":"Become a partner | Numana","robots":{"index":"index","follow":"follow","max-snippet":"max-snippet:-1","max-image-preview":"max-image-preview:large","max-video-preview":"max-video-preview:-1"},"canonical":"https:\/\/numana.tech\/devenir-partenaire\/","og_locale":"en_US","og_type":"article","og_title":"Become a partner | Numana","og_description":"&nbsp;","og_url":"https:\/\/numana.tech\/devenir-partenaire\/","og_site_name":"Numana","article_publisher":"https:\/\/www.facebook.com\/Numanatech","article_modified_time":"2025-04-07T15:11:27+00:00","og_image":[{"width":2560,"height":1435,"url":"https:\/\/numana.tech\/wp-content\/uploads\/2025\/03\/Hero_HomeImg-scaled.jpeg","type":"image\/jpeg"}],"twitter_card":"summary_large_image","twitter_site":"@Numanatech","schema":{"@context":"https:\/\/schema.org","@graph":[{"@type":"WebPage","@id":"https:\/\/numana.tech\/devenir-partenaire\/","url":"https:\/\/numana.tech\/devenir-partenaire\/","name":"Become a partner | Numana","isPartOf":{"@id":"https:\/\/numana.tech\/#website"},"datePublished":"2025-03-17T16:54:11+00:00","dateModified":"2025-04-07T15:11:27+00:00","breadcrumb":{"@id":"https:\/\/numana.tech\/devenir-partenaire\/#breadcrumb"},"inLanguage":"en-US","potentialAction":[{"@type":"ReadAction","target":["https:\/\/numana.tech\/devenir-partenaire\/"]}]},{"@type":"BreadcrumbList","@id":"https:\/\/numana.tech\/devenir-partenaire\/#breadcrumb","itemListElement":[{"@type":"ListItem","position":1,"name":"Accueil","item":"https:\/\/numana.tech\/en\/"},{"@type":"ListItem","position":2,"name":"Become a partner"}]},{"@type":"WebSite","@id":"https:\/\/numana.tech\/#website","url":"https:\/\/numana.tech\/","name":"Numana","description":"Macro-acc\u00e9l\u00e9rateur d&#039;\u00e9cosyst\u00e8mes technologiques","publisher":{"@id":"https:\/\/numana.tech\/#organization"},"potentialAction":[{"@type":"SearchAction","target":{"@type":"EntryPoint","urlTemplate":"https:\/\/numana.tech\/?s={search_term_string}"},"query-input":{"@type":"PropertyValueSpecification","valueRequired":true,"valueName":"search_term_string"}}],"inLanguage":"en-US"},{"@type":"Organization","@id":"https:\/\/numana.tech\/#organization","name":"Numana","url":"https:\/\/numana.tech\/","logo":{"@type":"ImageObject","inLanguage":"en-US","@id":"https:\/\/numana.tech\/#\/schema\/logo\/image\/","url":"https:\/\/numana.tech\/wp-content\/uploads\/2025\/02\/site-logo.svg","contentUrl":"https:\/\/numana.tech\/wp-content\/uploads\/2025\/02\/site-logo.svg","width":1,"height":1,"caption":"Numana"},"image":{"@id":"https:\/\/numana.tech\/#\/schema\/logo\/image\/"},"sameAs":["https:\/\/www.facebook.com\/Numanatech","https:\/\/x.com\/Numanatech","https:\/\/www.linkedin.com\/company\/16166472","https:\/\/www.youtube.com\/channel\/UCLyHvcowHPuO50SUx0jfDpA"]}]}},"_links":{"self":[{"href":"https:\/\/numana.tech\/en\/wp-json\/wp\/v2\/pages\/1327","targetHints":{"allow":["GET"]}}],"collection":[{"href":"https:\/\/numana.tech\/en\/wp-json\/wp\/v2\/pages"}],"about":[{"href":"https:\/\/numana.tech\/en\/wp-json\/wp\/v2\/types\/page"}],"author":[{"embeddable":true,"href":"https:\/\/numana.tech\/en\/wp-json\/wp\/v2\/users\/1"}],"replies":[{"embeddable":true,"href":"https:\/\/numana.tech\/en\/wp-json\/wp\/v2\/comments?post=1327"}],"version-history":[{"count":3,"href":"https:\/\/numana.tech\/en\/wp-json\/wp\/v2\/pages\/1327\/revisions"}],"predecessor-version":[{"id":6886,"href":"https:\/\/numana.tech\/en\/wp-json\/wp\/v2\/pages\/1327\/revisions\/6886"}],"wp:attachment":[{"href":"https:\/\/numana.tech\/en\/wp-json\/wp\/v2\/media?parent=1327"}],"curies":[{"name":"wp","href":"https:\/\/api.w.org\/{rel}","templated":true}]}}