{"id":6368,"date":"2025-05-02T02:14:42","date_gmt":"2025-05-02T02:14:42","guid":{"rendered":"https:\/\/numana.tech\/?page_id=6368"},"modified":"2025-08-28T17:42:48","modified_gmt":"2025-08-28T17:42:48","slug":"knowledge-mobilization-public-policies","status":"publish","type":"page","link":"https:\/\/numana.tech\/en\/the-numana-process\/knowledge-mobilization-public-policies\/","title":{"rendered":"Knowledge mobilization and public policies"},"content":{"rendered":"<p>&nbsp;<\/p>\n<div id=\"awebChromeHelper\" data-version=\"1.24.3\"><\/div>\n<div id=\"awebChromeHelper\" data-version=\"1.24.3\"><\/div>\n<div id=\"awebChromeHelper\" data-version=\"1.24.3\"><\/div>\n<div id=\"awebChromeHelper\" data-version=\"1.24.3\"><\/div>\n<div id=\"awebChromeHelper\" data-version=\"1.24.3\"><\/div>\n<div id=\"awebChromeHelper\" data-version=\"1.24.3\"><\/div>\n","protected":false},"excerpt":{"rendered":"<p>&nbsp;<\/p>\n","protected":false},"author":3,"featured_media":0,"parent":1356,"menu_order":1,"comment_status":"closed","ping_status":"closed","template":"templates\/tpl-child-method.php","meta":{"_acf_changed":false,"content-type":"","_themeisle_gutenberg_block_has_review":false,"footnotes":""},"class_list":["post-6368","page","type-page","status-publish","hentry"],"acf":[],"yoast_head":"<!-- This site is optimized with the Yoast SEO plugin v26.9 - https:\/\/yoast.com\/product\/yoast-seo-wordpress\/ -->\n<title>Knowledge mobilization and public policies | Numana<\/title>\n<meta name=\"robots\" content=\"index, follow, max-snippet:-1, max-image-preview:large, max-video-preview:-1\" \/>\n<link rel=\"canonical\" href=\"https:\/\/numana.tech\/en\/the-numana-process\/knowledge-mobilization-public-policies\/\" \/>\n<meta property=\"og:locale\" content=\"en_US\" \/>\n<meta property=\"og:type\" content=\"article\" \/>\n<meta property=\"og:title\" content=\"Knowledge mobilization and public policies | Numana\" \/>\n<meta property=\"og:description\" content=\"&nbsp;\" \/>\n<meta property=\"og:url\" content=\"https:\/\/numana.tech\/en\/the-numana-process\/knowledge-mobilization-public-policies\/\" \/>\n<meta property=\"og:site_name\" content=\"Numana\" \/>\n<meta property=\"article:publisher\" content=\"https:\/\/www.facebook.com\/Numanatech\" \/>\n<meta property=\"article:modified_time\" content=\"2025-08-28T17:42:48+00:00\" \/>\n<meta property=\"og:image\" content=\"https:\/\/numana.tech\/wp-content\/uploads\/2025\/03\/Hero_HomeImg-scaled.jpeg\" \/>\n\t<meta property=\"og:image:width\" content=\"2560\" \/>\n\t<meta property=\"og:image:height\" content=\"1435\" \/>\n\t<meta property=\"og:image:type\" content=\"image\/jpeg\" \/>\n<meta name=\"twitter:card\" content=\"summary_large_image\" \/>\n<meta name=\"twitter:site\" content=\"@Numanatech\" \/>\n<script type=\"application\/ld+json\" class=\"yoast-schema-graph\">{\"@context\":\"https:\/\/schema.org\",\"@graph\":[{\"@type\":\"WebPage\",\"@id\":\"https:\/\/numana.tech\/en\/the-numana-process\/knowledge-mobilization-public-policies\/\",\"url\":\"https:\/\/numana.tech\/en\/the-numana-process\/knowledge-mobilization-public-policies\/\",\"name\":\"Knowledge mobilization and public policies | Numana\",\"isPartOf\":{\"@id\":\"https:\/\/numana.tech\/#website\"},\"datePublished\":\"2025-05-02T02:14:42+00:00\",\"dateModified\":\"2025-08-28T17:42:48+00:00\",\"breadcrumb\":{\"@id\":\"https:\/\/numana.tech\/en\/the-numana-process\/knowledge-mobilization-public-policies\/#breadcrumb\"},\"inLanguage\":\"en-US\",\"potentialAction\":[{\"@type\":\"ReadAction\",\"target\":[\"https:\/\/numana.tech\/en\/the-numana-process\/knowledge-mobilization-public-policies\/\"]}]},{\"@type\":\"BreadcrumbList\",\"@id\":\"https:\/\/numana.tech\/en\/the-numana-process\/knowledge-mobilization-public-policies\/#breadcrumb\",\"itemListElement\":[{\"@type\":\"ListItem\",\"position\":1,\"name\":\"Accueil\",\"item\":\"https:\/\/numana.tech\/en\/\"},{\"@type\":\"ListItem\",\"position\":2,\"name\":\"The Numana process\",\"item\":\"https:\/\/numana.tech\/en\/the-numana-process\/\"},{\"@type\":\"ListItem\",\"position\":3,\"name\":\"Knowledge mobilization and public policies\"}]},{\"@type\":\"WebSite\",\"@id\":\"https:\/\/numana.tech\/#website\",\"url\":\"https:\/\/numana.tech\/\",\"name\":\"Numana\",\"description\":\"Macro-acc\u00e9l\u00e9rateur d&#039;\u00e9cosyst\u00e8mes technologiques\",\"publisher\":{\"@id\":\"https:\/\/numana.tech\/#organization\"},\"potentialAction\":[{\"@type\":\"SearchAction\",\"target\":{\"@type\":\"EntryPoint\",\"urlTemplate\":\"https:\/\/numana.tech\/?s={search_term_string}\"},\"query-input\":{\"@type\":\"PropertyValueSpecification\",\"valueRequired\":true,\"valueName\":\"search_term_string\"}}],\"inLanguage\":\"en-US\"},{\"@type\":\"Organization\",\"@id\":\"https:\/\/numana.tech\/#organization\",\"name\":\"Numana\",\"url\":\"https:\/\/numana.tech\/\",\"logo\":{\"@type\":\"ImageObject\",\"inLanguage\":\"en-US\",\"@id\":\"https:\/\/numana.tech\/#\/schema\/logo\/image\/\",\"url\":\"https:\/\/numana.tech\/wp-content\/uploads\/2025\/02\/site-logo.svg\",\"contentUrl\":\"https:\/\/numana.tech\/wp-content\/uploads\/2025\/02\/site-logo.svg\",\"width\":1,\"height\":1,\"caption\":\"Numana\"},\"image\":{\"@id\":\"https:\/\/numana.tech\/#\/schema\/logo\/image\/\"},\"sameAs\":[\"https:\/\/www.facebook.com\/Numanatech\",\"https:\/\/x.com\/Numanatech\",\"https:\/\/www.linkedin.com\/company\/16166472\",\"https:\/\/www.youtube.com\/channel\/UCLyHvcowHPuO50SUx0jfDpA\"]}]}<\/script>\n<!-- \/ Yoast SEO plugin. -->","yoast_head_json":{"title":"Knowledge mobilization and public policies | Numana","robots":{"index":"index","follow":"follow","max-snippet":"max-snippet:-1","max-image-preview":"max-image-preview:large","max-video-preview":"max-video-preview:-1"},"canonical":"https:\/\/numana.tech\/en\/the-numana-process\/knowledge-mobilization-public-policies\/","og_locale":"en_US","og_type":"article","og_title":"Knowledge mobilization and public policies | Numana","og_description":"&nbsp;","og_url":"https:\/\/numana.tech\/en\/the-numana-process\/knowledge-mobilization-public-policies\/","og_site_name":"Numana","article_publisher":"https:\/\/www.facebook.com\/Numanatech","article_modified_time":"2025-08-28T17:42:48+00:00","og_image":[{"width":2560,"height":1435,"url":"https:\/\/numana.tech\/wp-content\/uploads\/2025\/03\/Hero_HomeImg-scaled.jpeg","type":"image\/jpeg"}],"twitter_card":"summary_large_image","twitter_site":"@Numanatech","schema":{"@context":"https:\/\/schema.org","@graph":[{"@type":"WebPage","@id":"https:\/\/numana.tech\/en\/the-numana-process\/knowledge-mobilization-public-policies\/","url":"https:\/\/numana.tech\/en\/the-numana-process\/knowledge-mobilization-public-policies\/","name":"Knowledge mobilization and public policies | Numana","isPartOf":{"@id":"https:\/\/numana.tech\/#website"},"datePublished":"2025-05-02T02:14:42+00:00","dateModified":"2025-08-28T17:42:48+00:00","breadcrumb":{"@id":"https:\/\/numana.tech\/en\/the-numana-process\/knowledge-mobilization-public-policies\/#breadcrumb"},"inLanguage":"en-US","potentialAction":[{"@type":"ReadAction","target":["https:\/\/numana.tech\/en\/the-numana-process\/knowledge-mobilization-public-policies\/"]}]},{"@type":"BreadcrumbList","@id":"https:\/\/numana.tech\/en\/the-numana-process\/knowledge-mobilization-public-policies\/#breadcrumb","itemListElement":[{"@type":"ListItem","position":1,"name":"Accueil","item":"https:\/\/numana.tech\/en\/"},{"@type":"ListItem","position":2,"name":"The Numana process","item":"https:\/\/numana.tech\/en\/the-numana-process\/"},{"@type":"ListItem","position":3,"name":"Knowledge mobilization and public policies"}]},{"@type":"WebSite","@id":"https:\/\/numana.tech\/#website","url":"https:\/\/numana.tech\/","name":"Numana","description":"Macro-acc\u00e9l\u00e9rateur d&#039;\u00e9cosyst\u00e8mes technologiques","publisher":{"@id":"https:\/\/numana.tech\/#organization"},"potentialAction":[{"@type":"SearchAction","target":{"@type":"EntryPoint","urlTemplate":"https:\/\/numana.tech\/?s={search_term_string}"},"query-input":{"@type":"PropertyValueSpecification","valueRequired":true,"valueName":"search_term_string"}}],"inLanguage":"en-US"},{"@type":"Organization","@id":"https:\/\/numana.tech\/#organization","name":"Numana","url":"https:\/\/numana.tech\/","logo":{"@type":"ImageObject","inLanguage":"en-US","@id":"https:\/\/numana.tech\/#\/schema\/logo\/image\/","url":"https:\/\/numana.tech\/wp-content\/uploads\/2025\/02\/site-logo.svg","contentUrl":"https:\/\/numana.tech\/wp-content\/uploads\/2025\/02\/site-logo.svg","width":1,"height":1,"caption":"Numana"},"image":{"@id":"https:\/\/numana.tech\/#\/schema\/logo\/image\/"},"sameAs":["https:\/\/www.facebook.com\/Numanatech","https:\/\/x.com\/Numanatech","https:\/\/www.linkedin.com\/company\/16166472","https:\/\/www.youtube.com\/channel\/UCLyHvcowHPuO50SUx0jfDpA"]}]}},"_links":{"self":[{"href":"https:\/\/numana.tech\/en\/wp-json\/wp\/v2\/pages\/6368","targetHints":{"allow":["GET"]}}],"collection":[{"href":"https:\/\/numana.tech\/en\/wp-json\/wp\/v2\/pages"}],"about":[{"href":"https:\/\/numana.tech\/en\/wp-json\/wp\/v2\/types\/page"}],"author":[{"embeddable":true,"href":"https:\/\/numana.tech\/en\/wp-json\/wp\/v2\/users\/3"}],"replies":[{"embeddable":true,"href":"https:\/\/numana.tech\/en\/wp-json\/wp\/v2\/comments?post=6368"}],"version-history":[{"count":5,"href":"https:\/\/numana.tech\/en\/wp-json\/wp\/v2\/pages\/6368\/revisions"}],"predecessor-version":[{"id":6884,"href":"https:\/\/numana.tech\/en\/wp-json\/wp\/v2\/pages\/6368\/revisions\/6884"}],"up":[{"embeddable":true,"href":"https:\/\/numana.tech\/en\/wp-json\/wp\/v2\/pages\/1356"}],"wp:attachment":[{"href":"https:\/\/numana.tech\/en\/wp-json\/wp\/v2\/media?parent=6368"}],"curies":[{"name":"wp","href":"https:\/\/api.w.org\/{rel}","templated":true}]}}